{"id":2194,"date":"2026-03-19T16:50:46","date_gmt":"2026-03-19T16:50:46","guid":{"rendered":"https:\/\/karmel.ca\/carriere\/"},"modified":"2026-04-16T20:15:22","modified_gmt":"2026-04-16T20:15:22","slug":"carriere","status":"publish","type":"page","link":"https:\/\/karmel.ca\/fr\/carriere\/","title":{"rendered":"Carri\u00e8re"},"content":{"rendered":"","protected":false},"excerpt":{"rendered":"","protected":false},"author":1,"featured_media":0,"parent":0,"menu_order":0,"comment_status":"closed","ping_status":"closed","template":"page-templates\/builder.php","meta":{"_acf_changed":false,"footnotes":""},"class_list":["post-2194","page","type-page","status-publish","hentry"],"acf":{"cube_page_builder":[{"acf_fc_layout":"cube_1","slides":[{"content":{"has_caption":false,"caption":"","has_title":true,"title":"Offres d'emploi","has_body":false,"body":"","has_footer":false,"button_group":null},"figure":{"provider":"local-image","source_vimeo":"","source_youtube":"","source_local_video":null,"source_local_image":566,"source_lottie":""}}],"hero":{"content":{"blox_image":null,"has_caption":false,"caption":"","has_title":false,"title":"","has_body":false,"body":"","has_footer":false,"button_group":null},"figure":null,"gallery":null,"call_to_action":{"primary":{"link":null,"variant":0},"secondary":{"link":null,"variant":1}}},"var_type":"0","opt_anchor":"","opt_caption_tag":"","opt_title_tag":"","opt_theme":"0","opt_text_color":"#262020","opt_background_color":"#fafafa","opt_border":false,"opt_figure_overlay":false,"opt_block_height":"0.2","aspect_ratio":"16\/9","opt_space_top":"","opt_space_bottom":"","opt_background_image":"","opt_background_overlay":false},{"acf_fc_layout":"cube_search","has_caption":true,"caption":"Karmel \u2013 Rejoignez notre \u00e9quipe","has_title":true,"title":"Rechercher des offres d'emploi","has_body":false,"body":"","has_footer":false,"button_group":null,"post_type":"career","has_quick_links":false,"quick_links":null,"has_form_field_placeholder":true,"form_field_placeholder":"Rechercher par mot-cl\u00e9","has_form_field_description":false,"form_field_description":"","var_type":"0","var_align":"0","var_card_text_color":"","var_card_background_color":"","var_card_border_color":"","opt_anchor":"","opt_caption_tag":"","opt_title_tag":"","opt_theme":"0","opt_text_color":"","opt_background_color":"","opt_border":false,"opt_space_top":"","opt_space_bottom":"","opt_background_image":"","opt_background_overlay":false},{"acf_fc_layout":"cube_position_listing","has_caption":false,"caption":"","has_title":true,"title":"Postes disponibles","has_body":true,"body":"Nous sommes constamment \u00e0 la recherche de talents passionn\u00e9s pour rejoindre notre \u00e9quipe dynamique. Si vous souhaitez contribuer \u00e0 un environnement de travail collaboratif et stimulant, consultez nos offres d'emploi et faites le premier pas vers une carri\u00e8re \u00e9panouissante chez Karmel.","has_footer":false,"button_group":null,"posts":[2200,2202],"var_type":"1","var_align":"0","var_card_text_color":"","var_card_background_color":"","var_card_border_color":"","opt_anchor":"","opt_caption_tag":"","opt_title_tag":"","opt_theme":"0","opt_text_color":"","opt_background_color":"","opt_border":false,"opt_space_top":"","opt_space_bottom":"","opt_background_image":"","opt_background_overlay":false},{"acf_fc_layout":"cube_24","has_caption":false,"caption":"","has_title":true,"title":"Pourquoi Travailler Avec Nous ?","has_body":true,"body":"Depuis plus de 30 ans, nous sommes une entreprise immobili\u00e8re familiale fi\u00e8rement \u00e9tablie, fond\u00e9e sur une conviction simple : l\u2019immobilier, c\u2019est avant tout une affaire de personnes. Cette philosophie fa\u00e7onne notre culture, renforce notre communaut\u00e9 et cr\u00e9e une stabilit\u00e9 \u00e0 long terme ainsi qu\u2019une croissance significative pour notre \u00e9quipe.\r\n\r\nNous avons construit une entreprise durable, centr\u00e9e sur les personnes et orient\u00e9e vers la performance, o\u00f9 la confiance, les relations \u00e0 long terme et les standards \u00e9lev\u00e9s ne sont pas que des valeurs sur papier, mais guident notre fonctionnement au quotidien.","has_footer":false,"button_group":null,"cards":[{"color_text":"","color_background":"","caption":"","title":"D\u00e9veloppez une Expertise R\u00e9elle","content":"En nous rejoignant, vous acqu\u00e9rez des comp\u00e9tences pratiques, recherch\u00e9es et transf\u00e9rables qui vous d\u00e9marquent. Gr\u00e2ce \u00e0 Karmel Academy, \u00e0 une formation approfondie et \u00e0 un mentorat structur\u00e9, nous offrons un parcours clair vers la ma\u00eetrise \u2014 que vous d\u00e9butiez ou souhaitiez acc\u00e9l\u00e9rer votre carri\u00e8re.\r\n\r\nIci, l\u2019excellence ne s\u2019improvise pas, elle se construit.","image":752},{"color_text":"","color_background":"","caption":"","title":"Un Fort Esprit de Communaut\u00e9","content":"Nous croyons que la performance s\u2019\u00e9panouit dans un environnement soutenant. La collaboration, le respect et le leadership font partie de notre culture quotidienne :\r\n<ul>\r\n \t<li>le leadership est accessible,<\/li>\r\n \t<li>le travail d\u2019\u00e9quipe est valoris\u00e9<\/li>\r\n \t<li>le succ\u00e8s se partage<\/li>\r\n \t<li>Nous cultivons des relations durables non seulement avec nos partenaires et nos locataires, mais aussi au sein de notre \u00e9quipe. Quand vous grandissez ici, vous grandissez ensemble.<\/li>\r\n<\/ul>","image":750},{"color_text":"","color_background":"","caption":"","title":"Grandissez Avec Nous","content":"Nos ambitions sont fortes et strat\u00e9giques. Notre expansion continue dans les secteurs commercial et industriel cr\u00e9era de nouvelles responsabilit\u00e9s, des d\u00e9fis stimulants et de v\u00e9ritables opportunit\u00e9s d\u2019avancement. Travailler avec nous ne se limite pas \u00e0 occuper un poste :\r\n<ul>\r\n \t<li>C\u2019est construire une carri\u00e8re stable.<\/li>\r\n \t<li>C\u2019est ma\u00eetriser une expertise sp\u00e9cialis\u00e9e.<\/li>\r\n \t<li>C\u2019est contribuer \u00e0 une vision \u00e0 long terme.<\/li>\r\n<\/ul>\r\nIci, vous ne travaillerez pas simplement dans la gestion immobili\u00e8re, vous deviendrez un v\u00e9ritable expert du domaine.","image":762},{"color_text":"","color_background":"","caption":"","title":"Environnement de Travail et Avantages","content":"Nous nous engageons \u00e0 offrir un environnement professionnel o\u00f9 notre \u00e9quipe peut s\u2019\u00e9panouir. Nous proposons:\r\n<ul>\r\n \t<li>Cinq journ\u00e9es de maladie pay\u00e9es apr\u00e8s trois mois de service<\/li>\r\n \t<li>Avantages sociaux complets et comp\u00e9titifs apr\u00e8s trois mois<\/li>\r\n \t<li>Un espace de travail moderne et lumineux, con\u00e7u pour la productivit\u00e9 et la collaboration<\/li>\r\n \t<li>Opportunit\u00e9s de d\u00e9veloppement et d\u2019avancement<\/li>\r\n \t<li>Activit\u00e9s de consolidation d\u2019\u00e9quipe et \u00e9v\u00e9nements d\u2019entreprise<\/li>\r\n \t<li>Emplacement strat\u00e9gique pr\u00e8s de l\u2019autoroute 13 pour des d\u00e9placements faciles et efficaces.<\/li>\r\n<\/ul>","image":660}],"var_type":"1","var_reduce_motion":false,"opt_anchor":"","opt_caption_tag":"","opt_title_tag":"","opt_theme":"0","opt_text_color":"","opt_background_color":"","opt_border":false,"opt_space_top":"","opt_space_bottom":"","opt_background_image":"","opt_background_overlay":false},{"acf_fc_layout":"cube_16","has_caption":false,"caption":"","has_title":true,"title":"Environnement de travail et avantages","has_body":true,"body":"Nous nous engageons \u00e0 offrir un environnement professionnel propice \u00e0 l'\u00e9panouissement de notre \u00e9quipe. Nous proposons :","has_footer":false,"button_group":null,"list":[{"list_item":" Cinq jours de cong\u00e9 maladie pay\u00e9s apr\u00e8s trois mois d'anciennet\u00e9"},{"list_item":"Une couverture collective compl\u00e8te et avantageuse apr\u00e8s trois mois"},{"list_item":"Un espace de travail moderne et lumineux, con\u00e7u pour favoriser la productivit\u00e9 et la collaboration"},{"list_item":"Perspectives de croissance"},{"list_item":"Activit\u00e9s de coh\u00e9sion d'\u00e9quipe et \u00e9v\u00e9nements d'entreprise"},{"list_item":"Un emplacement strat\u00e9gique \u00e0 proximit\u00e9 de l'autoroute 13, pour des trajets quotidiens faciles et rapides"}],"var_type":"0","var_list_size":"1","var_background_image":null,"opt_anchor":"","opt_caption_tag":"","opt_title_tag":"","opt_theme":"0","opt_text_color":"","opt_background_color":"","opt_border":false,"opt_space_top":"","opt_space_bottom":"","opt_background_image":"","opt_background_overlay":false},{"acf_fc_layout":"cube_6","has_caption":false,"caption":"","has_title":true,"title":"Candidatures spontan\u00e9es","has_body":false,"body":"","has_footer":false,"button_group":null,"form_id":17,"var_type":"3","opt_anchor":"","opt_caption_tag":"","opt_title_tag":"","opt_theme":"0","opt_text_color":"","opt_background_color":"#fafafa","opt_border":false,"opt_space_top":"","opt_space_bottom":"","opt_background_image":"","opt_background_overlay":false}]},"yoast_head":"<!-- This site is optimized with the Yoast SEO plugin v26.2 - https:\/\/yoast.com\/wordpress\/plugins\/seo\/ -->\n<title>Carri\u00e8re &#8212; Immeubles Karmel<\/title>\n<meta name=\"robots\" content=\"index, follow, max-snippet:-1, max-image-preview:large, max-video-preview:-1\" \/>\n<link rel=\"canonical\" href=\"https:\/\/karmel.ca\/fr\/carriere\/\" \/>\n<meta property=\"og:locale\" content=\"fr_FR\" \/>\n<meta property=\"og:type\" content=\"article\" \/>\n<meta property=\"og:title\" content=\"Carri\u00e8re &#8212; Immeubles Karmel\" \/>\n<meta property=\"og:url\" content=\"https:\/\/karmel.ca\/fr\/carriere\/\" \/>\n<meta property=\"og:site_name\" content=\"Immeubles Karmel\" \/>\n<meta property=\"article:modified_time\" content=\"2026-04-16T20:15:22+00:00\" \/>\n<meta name=\"twitter:card\" content=\"summary_large_image\" \/>\n<script type=\"application\/ld+json\" class=\"yoast-schema-graph\">{\"@context\":\"https:\/\/schema.org\",\"@graph\":[{\"@type\":\"WebPage\",\"@id\":\"https:\/\/karmel.ca\/fr\/carriere\/\",\"url\":\"https:\/\/karmel.ca\/fr\/carriere\/\",\"name\":\"Carri\u00e8re &#8212; Immeubles Karmel\",\"isPartOf\":{\"@id\":\"https:\/\/karmel.ca\/fr\/#website\"},\"datePublished\":\"2026-03-19T16:50:46+00:00\",\"dateModified\":\"2026-04-16T20:15:22+00:00\",\"breadcrumb\":{\"@id\":\"https:\/\/karmel.ca\/fr\/carriere\/#breadcrumb\"},\"inLanguage\":\"fr-FR\",\"potentialAction\":[{\"@type\":\"ReadAction\",\"target\":[\"https:\/\/karmel.ca\/fr\/carriere\/\"]}]},{\"@type\":\"BreadcrumbList\",\"@id\":\"https:\/\/karmel.ca\/fr\/carriere\/#breadcrumb\",\"itemListElement\":[{\"@type\":\"ListItem\",\"position\":1,\"name\":\"Home\",\"item\":\"https:\/\/karmel.ca\/fr\/\"},{\"@type\":\"ListItem\",\"position\":2,\"name\":\"Carri\u00e8re\"}]},{\"@type\":\"WebSite\",\"@id\":\"https:\/\/karmel.ca\/fr\/#website\",\"url\":\"https:\/\/karmel.ca\/fr\/\",\"name\":\"Immeubles Karmel\",\"description\":\"A Smarter Way to Build Websites\",\"potentialAction\":[{\"@type\":\"SearchAction\",\"target\":{\"@type\":\"EntryPoint\",\"urlTemplate\":\"https:\/\/karmel.ca\/fr\/?s={search_term_string}\"},\"query-input\":{\"@type\":\"PropertyValueSpecification\",\"valueRequired\":true,\"valueName\":\"search_term_string\"}}],\"inLanguage\":\"fr-FR\"}]}<\/script>\n<!-- \/ Yoast SEO plugin. -->","yoast_head_json":{"title":"Carri\u00e8re &#8212; Immeubles Karmel","robots":{"index":"index","follow":"follow","max-snippet":"max-snippet:-1","max-image-preview":"max-image-preview:large","max-video-preview":"max-video-preview:-1"},"canonical":"https:\/\/karmel.ca\/fr\/carriere\/","og_locale":"fr_FR","og_type":"article","og_title":"Carri\u00e8re &#8212; Immeubles Karmel","og_url":"https:\/\/karmel.ca\/fr\/carriere\/","og_site_name":"Immeubles Karmel","article_modified_time":"2026-04-16T20:15:22+00:00","twitter_card":"summary_large_image","schema":{"@context":"https:\/\/schema.org","@graph":[{"@type":"WebPage","@id":"https:\/\/karmel.ca\/fr\/carriere\/","url":"https:\/\/karmel.ca\/fr\/carriere\/","name":"Carri\u00e8re &#8212; Immeubles Karmel","isPartOf":{"@id":"https:\/\/karmel.ca\/fr\/#website"},"datePublished":"2026-03-19T16:50:46+00:00","dateModified":"2026-04-16T20:15:22+00:00","breadcrumb":{"@id":"https:\/\/karmel.ca\/fr\/carriere\/#breadcrumb"},"inLanguage":"fr-FR","potentialAction":[{"@type":"ReadAction","target":["https:\/\/karmel.ca\/fr\/carriere\/"]}]},{"@type":"BreadcrumbList","@id":"https:\/\/karmel.ca\/fr\/carriere\/#breadcrumb","itemListElement":[{"@type":"ListItem","position":1,"name":"Home","item":"https:\/\/karmel.ca\/fr\/"},{"@type":"ListItem","position":2,"name":"Carri\u00e8re"}]},{"@type":"WebSite","@id":"https:\/\/karmel.ca\/fr\/#website","url":"https:\/\/karmel.ca\/fr\/","name":"Immeubles Karmel","description":"A Smarter Way to Build Websites","potentialAction":[{"@type":"SearchAction","target":{"@type":"EntryPoint","urlTemplate":"https:\/\/karmel.ca\/fr\/?s={search_term_string}"},"query-input":{"@type":"PropertyValueSpecification","valueRequired":true,"valueName":"search_term_string"}}],"inLanguage":"fr-FR"}]}},"_links":{"self":[{"href":"https:\/\/karmel.ca\/fr\/wp-json\/wp\/v2\/pages\/2194","targetHints":{"allow":["GET"]}}],"collection":[{"href":"https:\/\/karmel.ca\/fr\/wp-json\/wp\/v2\/pages"}],"about":[{"href":"https:\/\/karmel.ca\/fr\/wp-json\/wp\/v2\/types\/page"}],"author":[{"embeddable":true,"href":"https:\/\/karmel.ca\/fr\/wp-json\/wp\/v2\/users\/1"}],"replies":[{"embeddable":true,"href":"https:\/\/karmel.ca\/fr\/wp-json\/wp\/v2\/comments?post=2194"}],"version-history":[{"count":9,"href":"https:\/\/karmel.ca\/fr\/wp-json\/wp\/v2\/pages\/2194\/revisions"}],"predecessor-version":[{"id":2307,"href":"https:\/\/karmel.ca\/fr\/wp-json\/wp\/v2\/pages\/2194\/revisions\/2307"}],"wp:attachment":[{"href":"https:\/\/karmel.ca\/fr\/wp-json\/wp\/v2\/media?parent=2194"}],"curies":[{"name":"wp","href":"https:\/\/api.w.org\/{rel}","templated":true}]}}