{"id":1897,"date":"2025-04-02T15:28:09","date_gmt":"2025-04-02T15:28:09","guid":{"rendered":"https:\/\/karmel.ca\/?page_id=1897"},"modified":"2026-04-22T15:42:13","modified_gmt":"2026-04-22T15:42:13","slug":"accueil","status":"publish","type":"page","link":"https:\/\/karmel.ca\/fr\/","title":{"rendered":"Accueil"},"content":{"rendered":"","protected":false},"excerpt":{"rendered":"","protected":false},"author":1,"featured_media":0,"parent":0,"menu_order":0,"comment_status":"closed","ping_status":"closed","template":"page-templates\/builder.php","meta":{"_acf_changed":false,"footnotes":""},"class_list":["post-1897","page","type-page","status-publish","hentry"],"acf":{"cube_page_builder":[{"acf_fc_layout":"cube_1","slides":[{"content":{"has_caption":false,"caption":"","has_title":true,"title":"Trouvez votre espace id\u00e9al","has_body":true,"body":"Votre tranquillit\u00e9 d\u2019esprit, notre fondation","has_footer":false,"button_group":null},"figure":{"provider":"local-video","source_vimeo":"","source_youtube":"","source_local_video":325,"source_local_image":207,"source_lottie":""}}],"hero":{"content":{"blox_image":null,"has_caption":false,"caption":"","has_title":false,"title":"","has_body":false,"body":"","has_footer":false,"button_group":null},"figure":null,"gallery":null,"call_to_action":{"primary":{"link":null,"variant":0},"secondary":{"link":null,"variant":1}}},"var_type":"0","opt_anchor":"","opt_caption_tag":"","opt_title_tag":"","opt_theme":"0","opt_text_color":"#ffffff","opt_background_color":"","opt_border":false,"opt_figure_overlay":true,"opt_block_height":"","aspect_ratio":"16\/9","opt_space_top":"","opt_space_bottom":"","opt_background_image":"","opt_background_overlay":false},{"acf_fc_layout":"cube_real_estate_filters","content":{"has_caption":false,"caption":"","has_title":false,"title":"","has_body":false,"body":"","has_footer":false,"button_group":null},"figure":{"provider":"local-video","source_vimeo":"","source_youtube":"","source_local_video":null,"source_local_image":null,"source_lottie":""},"filters":[],"var_type":"0","opt_anchor":"","opt_caption_tag":"","opt_title_tag":"","opt_theme":"0","opt_text_color":"","opt_background_color":"","opt_border":false,"opt_figure_overlay":false,"opt_block_height":"","aspect_ratio":"16\/9","opt_space_top":"","opt_space_bottom":"","opt_background_image":"","opt_background_overlay":false},{"acf_fc_layout":"cube_real_estate_list","has_caption":false,"caption":"","has_title":true,"title":"Propri\u00e9t\u00e9s et unit\u00e9s en vedette","has_body":true,"body":"D\u00e9couvrez nos propri\u00e9t\u00e9s en vedette et les unit\u00e9s disponibles con\u00e7ues pour soutenir votre style de vie et vos besoins professionnels. Des espaces modernes aux emplacements de choix, d\u00e9couvrez des opportunit\u00e9s qui allient confort, commodit\u00e9 et valeur \u00e0 long terme.","has_footer":false,"button_group":null,"var_type":"0","var_align":"1","var_card_text_color":"","var_card_background_color":"","var_card_border_color":"","opt_anchor":"","opt_caption_tag":"","opt_title_tag":"","opt_theme":"0","opt_text_color":"","opt_background_color":"","opt_border":false,"opt_space_top":"","opt_space_bottom":"","opt_background_image":"","opt_background_overlay":false,"has_filters":false,"filters_align":"left","filters_sticky":false,"filters_collapsable":false,"has_pagination":false},{"acf_fc_layout":"block_17","has_caption":false,"caption":"","has_title":true,"title":"L\u2019exp\u00e9rience des r\u00e9sidents","has_body":true,"body":"Ce qui distingue nos immeubles","has_footer":false,"button_group":null,"cards":[{"icon_lib":{"type":"media_library","value":"195"},"title":"Entretien fiable","excerpt":"Service efficace assur\u00e9 par des techniciens exp\u00e9riment\u00e9s.","link":null},{"icon_lib":{"type":"media_library","value":"195"},"title":"Entretien proactif des immeubles","excerpt":"Nettoyage hebdomadaire r\u00e9gulier et entretien continu pour maintenir des espaces communs propres, s\u00e9curitaires et bien entretenus.","link":null},{"icon_lib":{"type":"media_library","value":"195"},"title":"Approche ax\u00e9e sur la communaut\u00e9","excerpt":"Nous privil\u00e9gions des relations respectueuses, une communication ouverte et la cr\u00e9ation d\u2019environnements accueillants o\u00f9 les r\u00e9sidents se sentent v\u00e9ritablement chez eux.","link":null},{"icon_lib":{"type":"media_library","value":"195"},"title":"Soutien accessible en tout temps","excerpt":"Nous sommes l\u00e0 pour vous, jour et nuit.","link":null},{"icon_lib":{"type":"media_library","value":"195"},"title":"Pr\u00e9sence de concierge","excerpt":"Personnel professionnel sur place qui conna\u00eet votre immeuble et votre communaut\u00e9.","link":null},{"icon_lib":{"type":"media_library","value":"195"},"title":"Entretien proactif des immeubles","excerpt":"Nettoyage hebdomadaire r\u00e9gulier et entretien continu pour maintenir des espaces communs propres, s\u00e9curitaires et bien entretenus.","link":null},{"icon_lib":{"type":"media_library","value":"195"},"title":"Approche ax\u00e9e sur la communaut\u00e9","excerpt":"Nous privil\u00e9gions des relations respectueuses, une communication ouverte et la cr\u00e9ation d\u2019environnements accueillants o\u00f9 les r\u00e9sidents se sentent v\u00e9ritablement chez eux.","link":null},{"icon_lib":{"type":"media_library","value":"195"},"title":"Soutien accessible en tout temps","excerpt":"Nous sommes l\u00e0 pour vous, jour et nuit.","link":null},{"icon_lib":{"type":"media_library","value":"195"},"title":"Pr\u00e9sence de concierge","excerpt":"Personnel professionnel sur place qui conna\u00eet votre immeuble et votre communaut\u00e9.","link":null}],"var_type":"1","var_align":"1","var_icon_size":"32","var_icon_background":false,"opt_anchor":"","opt_caption_tag":"","opt_title_tag":"","opt_theme":"0","opt_text_color":"","opt_background_color":"","opt_border":false,"opt_space_top":"","opt_space_bottom":"","opt_background_image":"","opt_background_overlay":false},{"acf_fc_layout":"cube_30","has_caption":false,"caption":"","has_title":true,"title":"Statistiques de l\u2019entreprise","has_body":false,"body":"","has_footer":false,"button_group":null,"image":2102,"item":[{"item_has_icon":false,"item_icon":{"type":"","value":""},"item_number":"34+","item_description":"Ann\u00e9es d\u2019exp\u00e9rience"},{"item_has_icon":false,"item_icon":{"type":"","value":""},"item_number":"57","item_description":"Immeubles dans la grande r\u00e9gion de Montr\u00e9al"},{"item_has_icon":false,"item_icon":{"type":"","value":""},"item_number":"1,000 ","item_description":"Appartements dans notre portefeuille"},{"item_has_icon":false,"item_icon":{"type":"","value":""},"item_number":"75,000 pi\u00b2","item_description":"D\u2019espaces commerciaux"}],"var_type":"0","var_align":"0","opt_anchor":"","opt_caption_tag":"","opt_title_tag":"","opt_theme":"0","opt_text_color":"#111111","opt_background_color":"","opt_border":false,"opt_space_top":"2","opt_space_bottom":"2","opt_background_image":375,"opt_background_overlay":false},{"acf_fc_layout":"cube_23","has_caption":false,"caption":"","has_title":true,"title":"Blogue","has_body":true,"body":"<span style=\"font-weight: 400;\">Restez inform\u00e9 des derni\u00e8res nouvelles, analyses et mises \u00e0 jour de Karmel. D\u00e9couvrez des articles sur nos propri\u00e9t\u00e9s, les faits saillants de la communaut\u00e9, les tendances du secteur et des conseils utiles.<\/span>","has_footer":false,"button_group":null,"posts":null,"var_type":"0","opt_anchor":"","opt_caption_tag":"","opt_title_tag":"","opt_theme":"0","opt_text_color":"","opt_background_color":"","opt_border":false,"opt_space_top":"","opt_space_bottom":"","opt_background_image":"","opt_background_overlay":false},{"acf_fc_layout":"cube_20","has_caption":true,"caption":"FAQ","has_title":true,"title":"Foire aux questions","has_body":false,"body":"","has_footer":true,"button_group":[{"link":{"title":"Lire plus de questions","url":"https:\/\/karmel.ca\/fr\/foire-aux-questions\/","target":""},"variant":"0"}],"accordion_mode":"single","posts":[2227,2254,2257],"var_type":"1","opt_anchor":"","opt_caption_tag":"","opt_title_tag":"","opt_theme":"0","opt_text_color":"","opt_background_color":"#fafafa","opt_border":false,"opt_space_top":"","opt_space_bottom":"","opt_background_image":null,"opt_background_overlay":false,"aside_image":397},{"acf_fc_layout":"cube_14","has_caption":false,"caption":"","has_title":true,"title":"Carri\u00e8res","has_body":true,"body":"Joignez-vous \u00e0 une \u00e9quipe passionn\u00e9e par la cr\u00e9ation d\u2019espaces exceptionnels et d\u2019exp\u00e9riences significatives. Chez Karmel, nous valorisons la collaboration, l\u2019innovation et la croissance, et nous sommes toujours \u00e0 la recherche de talents pour b\u00e2tir l\u2019avenir avec nous.","has_footer":true,"button_group":[{"link":{"title":"Joignez-vous \u00e0 notre \u00e9quipe","url":"#","target":""},"variant":"0"}],"var_align":"1","opt_anchor":"","opt_caption_tag":"","opt_title_tag":"","opt_theme":"0","opt_text_color":"","opt_background_color":"","opt_border":false,"opt_space_top":"10","opt_space_bottom":"10","opt_background_image":164,"opt_background_overlay":false}]},"yoast_head":"<!-- This site is optimized with the Yoast SEO plugin v26.2 - https:\/\/yoast.com\/wordpress\/plugins\/seo\/ -->\n<title>Accueil &#8212; Immeubles Karmel<\/title>\n<meta name=\"robots\" content=\"index, follow, max-snippet:-1, max-image-preview:large, max-video-preview:-1\" \/>\n<link rel=\"canonical\" href=\"https:\/\/karmel.ca\/fr\/\" \/>\n<meta property=\"og:locale\" content=\"fr_FR\" \/>\n<meta property=\"og:type\" content=\"article\" \/>\n<meta property=\"og:title\" content=\"Accueil &#8212; Immeubles Karmel\" \/>\n<meta property=\"og:url\" content=\"https:\/\/karmel.ca\/fr\/\" \/>\n<meta property=\"og:site_name\" content=\"Immeubles Karmel\" \/>\n<meta property=\"article:modified_time\" content=\"2026-04-22T15:42:13+00:00\" \/>\n<meta name=\"twitter:card\" content=\"summary_large_image\" \/>\n<script type=\"application\/ld+json\" class=\"yoast-schema-graph\">{\"@context\":\"https:\/\/schema.org\",\"@graph\":[{\"@type\":\"WebPage\",\"@id\":\"https:\/\/karmel.ca\/fr\/\",\"url\":\"https:\/\/karmel.ca\/fr\/\",\"name\":\"Accueil &#8212; Immeubles Karmel\",\"isPartOf\":{\"@id\":\"https:\/\/karmel.ca\/fr\/#website\"},\"datePublished\":\"2025-04-02T15:28:09+00:00\",\"dateModified\":\"2026-04-22T15:42:13+00:00\",\"breadcrumb\":{\"@id\":\"https:\/\/karmel.ca\/fr\/#breadcrumb\"},\"inLanguage\":\"fr-FR\",\"potentialAction\":[{\"@type\":\"ReadAction\",\"target\":[\"https:\/\/karmel.ca\/fr\/\"]}]},{\"@type\":\"BreadcrumbList\",\"@id\":\"https:\/\/karmel.ca\/fr\/#breadcrumb\",\"itemListElement\":[{\"@type\":\"ListItem\",\"position\":1,\"name\":\"Home\",\"item\":\"https:\/\/karmel.ca\/fr\/\"},{\"@type\":\"ListItem\",\"position\":2,\"name\":\"Accueil\"}]},{\"@type\":\"WebSite\",\"@id\":\"https:\/\/karmel.ca\/fr\/#website\",\"url\":\"https:\/\/karmel.ca\/fr\/\",\"name\":\"Immeubles Karmel\",\"description\":\"A Smarter Way to Build Websites\",\"potentialAction\":[{\"@type\":\"SearchAction\",\"target\":{\"@type\":\"EntryPoint\",\"urlTemplate\":\"https:\/\/karmel.ca\/fr\/?s={search_term_string}\"},\"query-input\":{\"@type\":\"PropertyValueSpecification\",\"valueRequired\":true,\"valueName\":\"search_term_string\"}}],\"inLanguage\":\"fr-FR\"}]}<\/script>\n<!-- \/ Yoast SEO plugin. -->","yoast_head_json":{"title":"Accueil &#8212; Immeubles Karmel","robots":{"index":"index","follow":"follow","max-snippet":"max-snippet:-1","max-image-preview":"max-image-preview:large","max-video-preview":"max-video-preview:-1"},"canonical":"https:\/\/karmel.ca\/fr\/","og_locale":"fr_FR","og_type":"article","og_title":"Accueil &#8212; Immeubles Karmel","og_url":"https:\/\/karmel.ca\/fr\/","og_site_name":"Immeubles Karmel","article_modified_time":"2026-04-22T15:42:13+00:00","twitter_card":"summary_large_image","schema":{"@context":"https:\/\/schema.org","@graph":[{"@type":"WebPage","@id":"https:\/\/karmel.ca\/fr\/","url":"https:\/\/karmel.ca\/fr\/","name":"Accueil &#8212; Immeubles Karmel","isPartOf":{"@id":"https:\/\/karmel.ca\/fr\/#website"},"datePublished":"2025-04-02T15:28:09+00:00","dateModified":"2026-04-22T15:42:13+00:00","breadcrumb":{"@id":"https:\/\/karmel.ca\/fr\/#breadcrumb"},"inLanguage":"fr-FR","potentialAction":[{"@type":"ReadAction","target":["https:\/\/karmel.ca\/fr\/"]}]},{"@type":"BreadcrumbList","@id":"https:\/\/karmel.ca\/fr\/#breadcrumb","itemListElement":[{"@type":"ListItem","position":1,"name":"Home","item":"https:\/\/karmel.ca\/fr\/"},{"@type":"ListItem","position":2,"name":"Accueil"}]},{"@type":"WebSite","@id":"https:\/\/karmel.ca\/fr\/#website","url":"https:\/\/karmel.ca\/fr\/","name":"Immeubles Karmel","description":"A Smarter Way to Build Websites","potentialAction":[{"@type":"SearchAction","target":{"@type":"EntryPoint","urlTemplate":"https:\/\/karmel.ca\/fr\/?s={search_term_string}"},"query-input":{"@type":"PropertyValueSpecification","valueRequired":true,"valueName":"search_term_string"}}],"inLanguage":"fr-FR"}]}},"_links":{"self":[{"href":"https:\/\/karmel.ca\/fr\/wp-json\/wp\/v2\/pages\/1897","targetHints":{"allow":["GET"]}}],"collection":[{"href":"https:\/\/karmel.ca\/fr\/wp-json\/wp\/v2\/pages"}],"about":[{"href":"https:\/\/karmel.ca\/fr\/wp-json\/wp\/v2\/types\/page"}],"author":[{"embeddable":true,"href":"https:\/\/karmel.ca\/fr\/wp-json\/wp\/v2\/users\/1"}],"replies":[{"embeddable":true,"href":"https:\/\/karmel.ca\/fr\/wp-json\/wp\/v2\/comments?post=1897"}],"version-history":[{"count":13,"href":"https:\/\/karmel.ca\/fr\/wp-json\/wp\/v2\/pages\/1897\/revisions"}],"predecessor-version":[{"id":2337,"href":"https:\/\/karmel.ca\/fr\/wp-json\/wp\/v2\/pages\/1897\/revisions\/2337"}],"wp:attachment":[{"href":"https:\/\/karmel.ca\/fr\/wp-json\/wp\/v2\/media?parent=1897"}],"curies":[{"name":"wp","href":"https:\/\/api.w.org\/{rel}","templated":true}]}}